{"id":33,"date":"2025-08-20T07:05:47","date_gmt":"2025-08-20T07:05:47","guid":{"rendered":"https:\/\/parquemagicasnavidades.es\/?page_id=33"},"modified":"2025-12-09T09:54:19","modified_gmt":"2025-12-09T09:54:19","slug":"home","status":"publish","type":"page","link":"https:\/\/parquemagicasnavidades.es\/en\/","title":{"rendered":"Home"},"content":{"rendered":"","protected":false},"excerpt":{"rendered":"","protected":false},"author":1,"featured_media":0,"parent":0,"menu_order":5,"comment_status":"closed","ping_status":"closed","template":"","meta":{"_acf_changed":false,"footnotes":""},"class_list":["post-33","page","type-page","status-publish","hentry"],"acf":[],"yoast_head":"<!-- This site is optimized with the Yoast SEO plugin v26.0 - https:\/\/yoast.com\/wordpress\/plugins\/seo\/ -->\n<title>M\u00e1gicas Navidades de Madrid | Vive la Navidad en Torrej\u00f3n<\/title>\n<meta name=\"description\" content=\"Vive la magia de la Navidad en M\u00e1gicas Navidades, el parque navide\u00f1o m\u00e1s m\u00e1gico de Espa\u00f1a, con atracciones, shows y momentos inolvidables.\" \/>\n<meta name=\"robots\" content=\"index, follow, max-snippet:-1, max-image-preview:large, max-video-preview:-1\" \/>\n<link rel=\"canonical\" href=\"https:\/\/parquemagicasnavidades.es\/en\/\" \/>\n<meta property=\"og:locale\" content=\"en_US\" \/>\n<meta property=\"og:type\" content=\"article\" \/>\n<meta property=\"og:title\" content=\"M\u00e1gicas Navidades de Madrid | Vive la Navidad en Torrej\u00f3n\" \/>\n<meta property=\"og:description\" content=\"Vive la magia de la Navidad en M\u00e1gicas Navidades, el parque navide\u00f1o m\u00e1s m\u00e1gico de Espa\u00f1a, con atracciones, shows y momentos inolvidables.\" \/>\n<meta property=\"og:url\" content=\"https:\/\/parquemagicasnavidades.es\/en\/\" \/>\n<meta property=\"og:site_name\" content=\"Parque M\u00e1gicas Navidades\" \/>\n<meta property=\"article:modified_time\" content=\"2025-12-09T09:54:19+00:00\" \/>\n<meta property=\"og:image\" content=\"https:\/\/parquemagicasnavidades.es\/wp-content\/uploads\/2025\/10\/Magicas_ImagenSEO.jpg\" \/>\n\t<meta property=\"og:image:width\" content=\"1200\" \/>\n\t<meta property=\"og:image:height\" content=\"630\" \/>\n\t<meta property=\"og:image:type\" content=\"image\/jpeg\" \/>\n<meta name=\"twitter:card\" content=\"summary_large_image\" \/>\n<meta name=\"twitter:label1\" content=\"Est. reading time\" \/>\n\t<meta name=\"twitter:data1\" content=\"16 minutes\" \/>\n<script type=\"application\/ld+json\" class=\"yoast-schema-graph\">{\"@context\":\"https:\/\/schema.org\",\"@graph\":[{\"@type\":\"WebPage\",\"@id\":\"https:\/\/parquemagicasnavidades.es\/es\/\",\"url\":\"https:\/\/parquemagicasnavidades.es\/es\/\",\"name\":\"M\u00e1gicas Navidades de Madrid | Vive la Navidad en Torrej\u00f3n\",\"isPartOf\":{\"@id\":\"https:\/\/parquemagicasnavidades.es\/#website\"},\"datePublished\":\"2025-08-20T07:05:47+00:00\",\"dateModified\":\"2025-12-09T09:54:19+00:00\",\"description\":\"Vive la magia de la Navidad en M\u00e1gicas Navidades, el parque navide\u00f1o m\u00e1s m\u00e1gico de Espa\u00f1a, con atracciones, shows y momentos inolvidables.\",\"breadcrumb\":{\"@id\":\"https:\/\/parquemagicasnavidades.es\/es\/#breadcrumb\"},\"inLanguage\":\"en-US\",\"potentialAction\":[{\"@type\":\"ReadAction\",\"target\":[\"https:\/\/parquemagicasnavidades.es\/es\/\"]}]},{\"@type\":\"BreadcrumbList\",\"@id\":\"https:\/\/parquemagicasnavidades.es\/es\/#breadcrumb\",\"itemListElement\":[{\"@type\":\"ListItem\",\"position\":1,\"name\":\"Portada\",\"item\":\"https:\/\/parquemagicasnavidades.es\/es\/\"},{\"@type\":\"ListItem\",\"position\":2,\"name\":\"Inicio\"}]},{\"@type\":\"WebSite\",\"@id\":\"https:\/\/parquemagicasnavidades.es\/#website\",\"url\":\"https:\/\/parquemagicasnavidades.es\/\",\"name\":\"Parque M\u00e1gicas Navidades\",\"description\":\"\",\"potentialAction\":[{\"@type\":\"SearchAction\",\"target\":{\"@type\":\"EntryPoint\",\"urlTemplate\":\"https:\/\/parquemagicasnavidades.es\/?s={search_term_string}\"},\"query-input\":{\"@type\":\"PropertyValueSpecification\",\"valueRequired\":true,\"valueName\":\"search_term_string\"}}],\"inLanguage\":\"en-US\"}]}<\/script>\n<!-- \/ Yoast SEO plugin. -->","yoast_head_json":{"title":"M\u00e1gicas Navidades in Madrid | Celebrate christmas in Torrej\u00f3n","description":"Make your Christmas unforgettable at M\u00e1gicas Navidades in Torrej\u00f3n, where magical lights, shows, and festive attractions await.","robots":{"index":"index","follow":"follow","max-snippet":"max-snippet:-1","max-image-preview":"max-image-preview:large","max-video-preview":"max-video-preview:-1"},"canonical":"https:\/\/parquemagicasnavidades.es\/en\/","og_locale":"en_US","og_type":"article","og_title":"M\u00e1gicas Navidades de Madrid | Vive la Navidad en Torrej\u00f3n","og_description":"Vive la magia de la Navidad en M\u00e1gicas Navidades, el parque navide\u00f1o m\u00e1s m\u00e1gico de Espa\u00f1a, con atracciones, shows y momentos inolvidables.","og_url":"https:\/\/parquemagicasnavidades.es\/en\/","og_site_name":"Parque M\u00e1gicas Navidades","article_modified_time":"2025-12-09T09:54:19+00:00","og_image":[{"width":1200,"height":630,"url":"https:\/\/parquemagicasnavidades.es\/wp-content\/uploads\/2025\/10\/Magicas_ImagenSEO.jpg","type":"image\/jpeg"}],"twitter_card":"summary_large_image","twitter_misc":{"Est. reading time":"16 minutes"},"schema":{"@context":"https:\/\/schema.org","@graph":[{"@type":"WebPage","@id":"https:\/\/parquemagicasnavidades.es\/es\/","url":"https:\/\/parquemagicasnavidades.es\/es\/","name":"M\u00e1gicas Navidades in Madrid | Celebrate christmas in Torrej\u00f3n","isPartOf":{"@id":"https:\/\/parquemagicasnavidades.es\/#website"},"datePublished":"2025-08-20T07:05:47+00:00","dateModified":"2025-12-09T09:54:19+00:00","description":"Make your Christmas unforgettable at M\u00e1gicas Navidades in Torrej\u00f3n, where magical lights, shows, and festive attractions await.","breadcrumb":{"@id":"https:\/\/parquemagicasnavidades.es\/es\/#breadcrumb"},"inLanguage":"en-US","potentialAction":[{"@type":"ReadAction","target":["https:\/\/parquemagicasnavidades.es\/es\/"]}]},{"@type":"BreadcrumbList","@id":"https:\/\/parquemagicasnavidades.es\/es\/#breadcrumb","itemListElement":[{"@type":"ListItem","position":1,"name":"Portada","item":"https:\/\/parquemagicasnavidades.es\/es\/"},{"@type":"ListItem","position":2,"name":"Inicio"}]},{"@type":"WebSite","@id":"https:\/\/parquemagicasnavidades.es\/#website","url":"https:\/\/parquemagicasnavidades.es\/","name":"Parque M\u00e1gicas Navidades","description":"","potentialAction":[{"@type":"SearchAction","target":{"@type":"EntryPoint","urlTemplate":"https:\/\/parquemagicasnavidades.es\/?s={search_term_string}"},"query-input":{"@type":"PropertyValueSpecification","valueRequired":true,"valueName":"search_term_string"}}],"inLanguage":"en-US"}]}},"_links":{"self":[{"href":"https:\/\/parquemagicasnavidades.es\/en\/wp-json\/wp\/v2\/pages\/33","targetHints":{"allow":["GET"]}}],"collection":[{"href":"https:\/\/parquemagicasnavidades.es\/en\/wp-json\/wp\/v2\/pages"}],"about":[{"href":"https:\/\/parquemagicasnavidades.es\/en\/wp-json\/wp\/v2\/types\/page"}],"author":[{"embeddable":true,"href":"https:\/\/parquemagicasnavidades.es\/en\/wp-json\/wp\/v2\/users\/1"}],"replies":[{"embeddable":true,"href":"https:\/\/parquemagicasnavidades.es\/en\/wp-json\/wp\/v2\/comments?post=33"}],"version-history":[{"count":101,"href":"https:\/\/parquemagicasnavidades.es\/en\/wp-json\/wp\/v2\/pages\/33\/revisions"}],"predecessor-version":[{"id":2587,"href":"https:\/\/parquemagicasnavidades.es\/en\/wp-json\/wp\/v2\/pages\/33\/revisions\/2587"}],"wp:attachment":[{"href":"https:\/\/parquemagicasnavidades.es\/en\/wp-json\/wp\/v2\/media?parent=33"}],"curies":[{"name":"wp","href":"https:\/\/api.w.org\/{rel}","templated":true}]}}