{"id":39,"date":"2025-08-20T07:07:09","date_gmt":"2025-08-20T07:07:09","guid":{"rendered":"https:\/\/parquemagicasnavidades.es\/?page_id=39"},"modified":"2025-10-16T14:21:55","modified_gmt":"2025-10-16T14:21:55","slug":"news","status":"publish","type":"page","link":"https:\/\/parquemagicasnavidades.es\/en\/news\/","title":{"rendered":"News"},"content":{"rendered":"","protected":false},"excerpt":{"rendered":"","protected":false},"author":1,"featured_media":0,"parent":0,"menu_order":17,"comment_status":"closed","ping_status":"closed","template":"","meta":{"_acf_changed":false,"footnotes":""},"class_list":["post-39","page","type-page","status-publish","hentry"],"acf":[],"yoast_head":"<!-- This site is optimized with the Yoast SEO plugin v26.0 - https:\/\/yoast.com\/wordpress\/plugins\/seo\/ -->\n<title>Noticias | M\u00e1gicas Navidades<\/title>\n<meta name=\"description\" content=\"\u00daltimas noticias y novedades sobre el parque M\u00e1gicas Navidades en Torrej\u00f3n. D\u00e9jate sorprender y no te pierdas nuestras novedades.\" \/>\n<meta name=\"robots\" content=\"index, follow, max-snippet:-1, max-image-preview:large, max-video-preview:-1\" \/>\n<link rel=\"canonical\" href=\"https:\/\/parquemagicasnavidades.es\/en\/news\/\" \/>\n<meta property=\"og:locale\" content=\"en_US\" \/>\n<meta property=\"og:type\" content=\"article\" \/>\n<meta property=\"og:title\" content=\"Noticias | M\u00e1gicas Navidades\" \/>\n<meta property=\"og:description\" content=\"\u00daltimas noticias y novedades sobre el parque M\u00e1gicas Navidades en Torrej\u00f3n. D\u00e9jate sorprender y no te pierdas nuestras novedades.\" \/>\n<meta property=\"og:url\" content=\"https:\/\/parquemagicasnavidades.es\/en\/news\/\" \/>\n<meta property=\"og:site_name\" content=\"Parque M\u00e1gicas Navidades\" \/>\n<meta property=\"article:modified_time\" content=\"2025-10-16T14:21:55+00:00\" \/>\n<meta property=\"og:image\" content=\"https:\/\/parquemagicasnavidades.es\/wp-content\/uploads\/2025\/10\/Magicas_ImagenSEO.jpg\" \/>\n\t<meta property=\"og:image:width\" content=\"1200\" \/>\n\t<meta property=\"og:image:height\" content=\"630\" \/>\n\t<meta property=\"og:image:type\" content=\"image\/jpeg\" \/>\n<meta name=\"twitter:card\" content=\"summary_large_image\" \/>\n<meta name=\"twitter:label1\" content=\"Est. reading time\" \/>\n\t<meta name=\"twitter:data1\" content=\"2 minutes\" \/>\n<script type=\"application\/ld+json\" class=\"yoast-schema-graph\">{\"@context\":\"https:\/\/schema.org\",\"@graph\":[{\"@type\":\"WebPage\",\"@id\":\"https:\/\/parquemagicasnavidades.es\/es\/noticias\/\",\"url\":\"https:\/\/parquemagicasnavidades.es\/es\/noticias\/\",\"name\":\"Noticias | M\u00e1gicas Navidades\",\"isPartOf\":{\"@id\":\"https:\/\/parquemagicasnavidades.es\/#website\"},\"datePublished\":\"2025-08-20T07:07:09+00:00\",\"dateModified\":\"2025-10-16T14:21:55+00:00\",\"description\":\"\u00daltimas noticias y novedades sobre el parque M\u00e1gicas Navidades en Torrej\u00f3n. D\u00e9jate sorprender y no te pierdas nuestras novedades.\",\"breadcrumb\":{\"@id\":\"https:\/\/parquemagicasnavidades.es\/es\/noticias\/#breadcrumb\"},\"inLanguage\":\"en-US\",\"potentialAction\":[{\"@type\":\"ReadAction\",\"target\":[\"https:\/\/parquemagicasnavidades.es\/es\/noticias\/\"]}]},{\"@type\":\"BreadcrumbList\",\"@id\":\"https:\/\/parquemagicasnavidades.es\/es\/noticias\/#breadcrumb\",\"itemListElement\":[{\"@type\":\"ListItem\",\"position\":1,\"name\":\"Portada\",\"item\":\"https:\/\/parquemagicasnavidades.es\/es\/\"},{\"@type\":\"ListItem\",\"position\":2,\"name\":\"Noticias\"}]},{\"@type\":\"WebSite\",\"@id\":\"https:\/\/parquemagicasnavidades.es\/#website\",\"url\":\"https:\/\/parquemagicasnavidades.es\/\",\"name\":\"Parque M\u00e1gicas Navidades\",\"description\":\"\",\"potentialAction\":[{\"@type\":\"SearchAction\",\"target\":{\"@type\":\"EntryPoint\",\"urlTemplate\":\"https:\/\/parquemagicasnavidades.es\/?s={search_term_string}\"},\"query-input\":{\"@type\":\"PropertyValueSpecification\",\"valueRequired\":true,\"valueName\":\"search_term_string\"}}],\"inLanguage\":\"en-US\"}]}<\/script>\n<!-- \/ Yoast SEO plugin. -->","yoast_head_json":{"title":"News | M\u00e1gicas Navidades","description":"Stay up to date with the latest news and updates from M\u00e1gicas Navidades in Torrej\u00f3n. Get ready to be amazed and don\u2019t miss what\u2019s coming next.","robots":{"index":"index","follow":"follow","max-snippet":"max-snippet:-1","max-image-preview":"max-image-preview:large","max-video-preview":"max-video-preview:-1"},"canonical":"https:\/\/parquemagicasnavidades.es\/en\/news\/","og_locale":"en_US","og_type":"article","og_title":"Noticias | M\u00e1gicas Navidades","og_description":"\u00daltimas noticias y novedades sobre el parque M\u00e1gicas Navidades en Torrej\u00f3n. D\u00e9jate sorprender y no te pierdas nuestras novedades.","og_url":"https:\/\/parquemagicasnavidades.es\/en\/news\/","og_site_name":"Parque M\u00e1gicas Navidades","article_modified_time":"2025-10-16T14:21:55+00:00","og_image":[{"width":1200,"height":630,"url":"https:\/\/parquemagicasnavidades.es\/wp-content\/uploads\/2025\/10\/Magicas_ImagenSEO.jpg","type":"image\/jpeg"}],"twitter_card":"summary_large_image","twitter_misc":{"Est. reading time":"2 minutes"},"schema":{"@context":"https:\/\/schema.org","@graph":[{"@type":"WebPage","@id":"https:\/\/parquemagicasnavidades.es\/es\/noticias\/","url":"https:\/\/parquemagicasnavidades.es\/es\/noticias\/","name":"News | M\u00e1gicas Navidades","isPartOf":{"@id":"https:\/\/parquemagicasnavidades.es\/#website"},"datePublished":"2025-08-20T07:07:09+00:00","dateModified":"2025-10-16T14:21:55+00:00","description":"Stay up to date with the latest news and updates from M\u00e1gicas Navidades in Torrej\u00f3n. Get ready to be amazed and don\u2019t miss what\u2019s coming next.","breadcrumb":{"@id":"https:\/\/parquemagicasnavidades.es\/es\/noticias\/#breadcrumb"},"inLanguage":"en-US","potentialAction":[{"@type":"ReadAction","target":["https:\/\/parquemagicasnavidades.es\/es\/noticias\/"]}]},{"@type":"BreadcrumbList","@id":"https:\/\/parquemagicasnavidades.es\/es\/noticias\/#breadcrumb","itemListElement":[{"@type":"ListItem","position":1,"name":"Portada","item":"https:\/\/parquemagicasnavidades.es\/es\/"},{"@type":"ListItem","position":2,"name":"Noticias"}]},{"@type":"WebSite","@id":"https:\/\/parquemagicasnavidades.es\/#website","url":"https:\/\/parquemagicasnavidades.es\/","name":"Parque M\u00e1gicas Navidades","description":"","potentialAction":[{"@type":"SearchAction","target":{"@type":"EntryPoint","urlTemplate":"https:\/\/parquemagicasnavidades.es\/?s={search_term_string}"},"query-input":{"@type":"PropertyValueSpecification","valueRequired":true,"valueName":"search_term_string"}}],"inLanguage":"en-US"}]}},"_links":{"self":[{"href":"https:\/\/parquemagicasnavidades.es\/en\/wp-json\/wp\/v2\/pages\/39","targetHints":{"allow":["GET"]}}],"collection":[{"href":"https:\/\/parquemagicasnavidades.es\/en\/wp-json\/wp\/v2\/pages"}],"about":[{"href":"https:\/\/parquemagicasnavidades.es\/en\/wp-json\/wp\/v2\/types\/page"}],"author":[{"embeddable":true,"href":"https:\/\/parquemagicasnavidades.es\/en\/wp-json\/wp\/v2\/users\/1"}],"replies":[{"embeddable":true,"href":"https:\/\/parquemagicasnavidades.es\/en\/wp-json\/wp\/v2\/comments?post=39"}],"version-history":[{"count":28,"href":"https:\/\/parquemagicasnavidades.es\/en\/wp-json\/wp\/v2\/pages\/39\/revisions"}],"predecessor-version":[{"id":2002,"href":"https:\/\/parquemagicasnavidades.es\/en\/wp-json\/wp\/v2\/pages\/39\/revisions\/2002"}],"wp:attachment":[{"href":"https:\/\/parquemagicasnavidades.es\/en\/wp-json\/wp\/v2\/media?parent=39"}],"curies":[{"name":"wp","href":"https:\/\/api.w.org\/{rel}","templated":true}]}}