{"id":49,"date":"2025-08-20T07:08:00","date_gmt":"2025-08-20T07:08:00","guid":{"rendered":"https:\/\/parquemagicasnavidades.es\/?page_id=49"},"modified":"2025-12-02T07:58:24","modified_gmt":"2025-12-02T07:58:24","slug":"tickets","status":"publish","type":"page","link":"https:\/\/parquemagicasnavidades.es\/en\/tickets\/","title":{"rendered":"Tickets"},"content":{"rendered":"","protected":false},"excerpt":{"rendered":"","protected":false},"author":1,"featured_media":0,"parent":0,"menu_order":8,"comment_status":"closed","ping_status":"closed","template":"","meta":{"_acf_changed":false,"footnotes":""},"class_list":["post-49","page","type-page","status-publish","hentry"],"acf":[],"yoast_head":"<!-- This site is optimized with the Yoast SEO plugin v26.0 - https:\/\/yoast.com\/wordpress\/plugins\/seo\/ -->\n<title>Entradas | M\u00e1gicas Navidades<\/title>\n<meta name=\"description\" content=\"Compra tus entradas para M\u00e1gicas Navidades 2025 y asegura tu plaza para vivir una experiencia navide\u00f1a inolvidable en Torrej\u00f3n.\" \/>\n<meta name=\"robots\" content=\"index, follow, max-snippet:-1, max-image-preview:large, max-video-preview:-1\" \/>\n<link rel=\"canonical\" href=\"https:\/\/parquemagicasnavidades.es\/en\/tickets\/\" \/>\n<meta property=\"og:locale\" content=\"en_US\" \/>\n<meta property=\"og:type\" content=\"article\" \/>\n<meta property=\"og:title\" content=\"Entradas | M\u00e1gicas Navidades\" \/>\n<meta property=\"og:description\" content=\"Compra tus entradas para M\u00e1gicas Navidades 2025 y asegura tu plaza para vivir una experiencia navide\u00f1a inolvidable en Torrej\u00f3n.\" \/>\n<meta property=\"og:url\" content=\"https:\/\/parquemagicasnavidades.es\/en\/tickets\/\" \/>\n<meta property=\"og:site_name\" content=\"Parque M\u00e1gicas Navidades\" \/>\n<meta property=\"article:modified_time\" content=\"2025-12-02T07:58:24+00:00\" \/>\n<meta property=\"og:image\" content=\"https:\/\/parquemagicasnavidades.es\/wp-content\/uploads\/2025\/10\/Magicas_ImagenSEO.jpg\" \/>\n\t<meta property=\"og:image:width\" content=\"1200\" \/>\n\t<meta property=\"og:image:height\" content=\"630\" \/>\n\t<meta property=\"og:image:type\" content=\"image\/jpeg\" \/>\n<meta name=\"twitter:card\" content=\"summary_large_image\" \/>\n<meta name=\"twitter:label1\" content=\"Est. reading time\" \/>\n\t<meta name=\"twitter:data1\" content=\"2 minutes\" \/>\n<script type=\"application\/ld+json\" class=\"yoast-schema-graph\">{\"@context\":\"https:\/\/schema.org\",\"@graph\":[{\"@type\":\"WebPage\",\"@id\":\"https:\/\/parquemagicasnavidades.es\/es\/entradas\/\",\"url\":\"https:\/\/parquemagicasnavidades.es\/es\/entradas\/\",\"name\":\"Entradas | M\u00e1gicas Navidades\",\"isPartOf\":{\"@id\":\"https:\/\/parquemagicasnavidades.es\/#website\"},\"datePublished\":\"2025-08-20T07:08:00+00:00\",\"dateModified\":\"2025-12-02T07:58:24+00:00\",\"description\":\"Compra tus entradas para M\u00e1gicas Navidades 2025 y asegura tu plaza para vivir una experiencia navide\u00f1a inolvidable en Torrej\u00f3n.\",\"breadcrumb\":{\"@id\":\"https:\/\/parquemagicasnavidades.es\/es\/entradas\/#breadcrumb\"},\"inLanguage\":\"en-US\",\"potentialAction\":[{\"@type\":\"ReadAction\",\"target\":[\"https:\/\/parquemagicasnavidades.es\/es\/entradas\/\"]}]},{\"@type\":\"BreadcrumbList\",\"@id\":\"https:\/\/parquemagicasnavidades.es\/es\/entradas\/#breadcrumb\",\"itemListElement\":[{\"@type\":\"ListItem\",\"position\":1,\"name\":\"Portada\",\"item\":\"https:\/\/parquemagicasnavidades.es\/es\/\"},{\"@type\":\"ListItem\",\"position\":2,\"name\":\"Entradas\"}]},{\"@type\":\"WebSite\",\"@id\":\"https:\/\/parquemagicasnavidades.es\/#website\",\"url\":\"https:\/\/parquemagicasnavidades.es\/\",\"name\":\"Parque M\u00e1gicas Navidades\",\"description\":\"\",\"potentialAction\":[{\"@type\":\"SearchAction\",\"target\":{\"@type\":\"EntryPoint\",\"urlTemplate\":\"https:\/\/parquemagicasnavidades.es\/?s={search_term_string}\"},\"query-input\":{\"@type\":\"PropertyValueSpecification\",\"valueRequired\":true,\"valueName\":\"search_term_string\"}}],\"inLanguage\":\"en-US\"}]}<\/script>\n<!-- \/ Yoast SEO plugin. -->","yoast_head_json":{"title":"Tickets | M\u00e1gicas Navidades","description":"Get your tickets for M\u00e1gicas Navidades 2025 and make sure you don not miss an unforgettable Christmas in Torrej\u00f3n.","robots":{"index":"index","follow":"follow","max-snippet":"max-snippet:-1","max-image-preview":"max-image-preview:large","max-video-preview":"max-video-preview:-1"},"canonical":"https:\/\/parquemagicasnavidades.es\/en\/tickets\/","og_locale":"en_US","og_type":"article","og_title":"Entradas | M\u00e1gicas Navidades","og_description":"Compra tus entradas para M\u00e1gicas Navidades 2025 y asegura tu plaza para vivir una experiencia navide\u00f1a inolvidable en Torrej\u00f3n.","og_url":"https:\/\/parquemagicasnavidades.es\/en\/tickets\/","og_site_name":"Parque M\u00e1gicas Navidades","article_modified_time":"2025-12-02T07:58:24+00:00","og_image":[{"width":1200,"height":630,"url":"https:\/\/parquemagicasnavidades.es\/wp-content\/uploads\/2025\/10\/Magicas_ImagenSEO.jpg","type":"image\/jpeg"}],"twitter_card":"summary_large_image","twitter_misc":{"Est. reading time":"2 minutes"},"schema":{"@context":"https:\/\/schema.org","@graph":[{"@type":"WebPage","@id":"https:\/\/parquemagicasnavidades.es\/es\/entradas\/","url":"https:\/\/parquemagicasnavidades.es\/es\/entradas\/","name":"Tickets | M\u00e1gicas Navidades","isPartOf":{"@id":"https:\/\/parquemagicasnavidades.es\/#website"},"datePublished":"2025-08-20T07:08:00+00:00","dateModified":"2025-12-02T07:58:24+00:00","description":"Get your tickets for M\u00e1gicas Navidades 2025 and make sure you don not miss an unforgettable Christmas in Torrej\u00f3n.","breadcrumb":{"@id":"https:\/\/parquemagicasnavidades.es\/es\/entradas\/#breadcrumb"},"inLanguage":"en-US","potentialAction":[{"@type":"ReadAction","target":["https:\/\/parquemagicasnavidades.es\/es\/entradas\/"]}]},{"@type":"BreadcrumbList","@id":"https:\/\/parquemagicasnavidades.es\/es\/entradas\/#breadcrumb","itemListElement":[{"@type":"ListItem","position":1,"name":"Portada","item":"https:\/\/parquemagicasnavidades.es\/es\/"},{"@type":"ListItem","position":2,"name":"Entradas"}]},{"@type":"WebSite","@id":"https:\/\/parquemagicasnavidades.es\/#website","url":"https:\/\/parquemagicasnavidades.es\/","name":"Parque M\u00e1gicas Navidades","description":"","potentialAction":[{"@type":"SearchAction","target":{"@type":"EntryPoint","urlTemplate":"https:\/\/parquemagicasnavidades.es\/?s={search_term_string}"},"query-input":{"@type":"PropertyValueSpecification","valueRequired":true,"valueName":"search_term_string"}}],"inLanguage":"en-US"}]}},"_links":{"self":[{"href":"https:\/\/parquemagicasnavidades.es\/en\/wp-json\/wp\/v2\/pages\/49","targetHints":{"allow":["GET"]}}],"collection":[{"href":"https:\/\/parquemagicasnavidades.es\/en\/wp-json\/wp\/v2\/pages"}],"about":[{"href":"https:\/\/parquemagicasnavidades.es\/en\/wp-json\/wp\/v2\/types\/page"}],"author":[{"embeddable":true,"href":"https:\/\/parquemagicasnavidades.es\/en\/wp-json\/wp\/v2\/users\/1"}],"replies":[{"embeddable":true,"href":"https:\/\/parquemagicasnavidades.es\/en\/wp-json\/wp\/v2\/comments?post=49"}],"version-history":[{"count":99,"href":"https:\/\/parquemagicasnavidades.es\/en\/wp-json\/wp\/v2\/pages\/49\/revisions"}],"predecessor-version":[{"id":2312,"href":"https:\/\/parquemagicasnavidades.es\/en\/wp-json\/wp\/v2\/pages\/49\/revisions\/2312"}],"wp:attachment":[{"href":"https:\/\/parquemagicasnavidades.es\/en\/wp-json\/wp\/v2\/media?parent=49"}],"curies":[{"name":"wp","href":"https:\/\/api.w.org\/{rel}","templated":true}]}}