{"id":58,"date":"2025-08-20T08:33:47","date_gmt":"2025-08-20T08:33:47","guid":{"rendered":"https:\/\/parquemagicasnavidades.es\/?page_id=58"},"modified":"2025-10-08T07:26:24","modified_gmt":"2025-10-08T07:26:24","slug":"entradas-grupos","status":"publish","type":"page","link":"https:\/\/parquemagicasnavidades.es\/es\/entradas-grupos\/","title":{"rendered":"Entradas para grupos"},"content":{"rendered":"","protected":false},"excerpt":{"rendered":"","protected":false},"author":1,"featured_media":0,"parent":0,"menu_order":15,"comment_status":"closed","ping_status":"closed","template":"","meta":{"_acf_changed":false,"footnotes":""},"class_list":["post-58","page","type-page","status-publish","hentry"],"acf":[],"yoast_head":"<!-- This site is optimized with the Yoast SEO plugin v26.0 - https:\/\/yoast.com\/wordpress\/plugins\/seo\/ -->\n<title>Entradas para grupos | M\u00e1gicas Navidades<\/title>\n<meta name=\"description\" content=\"M\u00e1gicas Navidades ofrece entradas para grupos con ventajas exclusivas. Comparte espect\u00e1culos, atracciones y la magia de la Navidad en Madrid.\" \/>\n<meta name=\"robots\" content=\"index, follow, max-snippet:-1, max-image-preview:large, max-video-preview:-1\" \/>\n<link rel=\"canonical\" href=\"https:\/\/parquemagicasnavidades.es\/es\/entradas\/\" \/>\n<meta property=\"og:locale\" content=\"es_ES\" \/>\n<meta property=\"og:type\" content=\"article\" \/>\n<meta property=\"og:title\" content=\"Entradas para grupos | M\u00e1gicas Navidades\" \/>\n<meta property=\"og:description\" content=\"M\u00e1gicas Navidades ofrece entradas para grupos con ventajas exclusivas. Comparte espect\u00e1culos, atracciones y la magia de la Navidad en Madrid.\" \/>\n<meta property=\"og:url\" content=\"https:\/\/parquemagicasnavidades.es\/es\/entradas\/\" \/>\n<meta property=\"og:site_name\" content=\"Parque M\u00e1gicas Navidades\" \/>\n<meta property=\"article:modified_time\" content=\"2025-10-08T07:26:24+00:00\" \/>\n<meta property=\"og:image\" content=\"https:\/\/parquemagicasnavidades.es\/wp-content\/uploads\/2025\/10\/Magicas_ImagenSEO.jpg\" \/>\n\t<meta property=\"og:image:width\" content=\"1200\" \/>\n\t<meta property=\"og:image:height\" content=\"630\" \/>\n\t<meta property=\"og:image:type\" content=\"image\/jpeg\" \/>\n<meta name=\"twitter:card\" content=\"summary_large_image\" \/>\n<meta name=\"twitter:label1\" content=\"Tiempo de lectura\" \/>\n\t<meta name=\"twitter:data1\" content=\"1 minuto\" \/>\n<script type=\"application\/ld+json\" class=\"yoast-schema-graph\">{\"@context\":\"https:\/\/schema.org\",\"@graph\":[{\"@type\":\"WebPage\",\"@id\":\"https:\/\/parquemagicasnavidades.es\/es\/entradas-grupos\/\",\"url\":\"https:\/\/parquemagicasnavidades.es\/es\/entradas\/\",\"name\":\"Entradas para grupos | M\u00e1gicas Navidades\",\"isPartOf\":{\"@id\":\"https:\/\/parquemagicasnavidades.es\/#website\"},\"datePublished\":\"2025-08-20T08:33:47+00:00\",\"dateModified\":\"2025-10-08T07:26:24+00:00\",\"description\":\"M\u00e1gicas Navidades ofrece entradas para grupos con ventajas exclusivas. Comparte espect\u00e1culos, atracciones y la magia de la Navidad en Madrid.\",\"breadcrumb\":{\"@id\":\"https:\/\/parquemagicasnavidades.es\/es\/entradas\/#breadcrumb\"},\"inLanguage\":\"es\",\"potentialAction\":[{\"@type\":\"ReadAction\",\"target\":[\"https:\/\/parquemagicasnavidades.es\/es\/entradas\/\"]}]},{\"@type\":\"BreadcrumbList\",\"@id\":\"https:\/\/parquemagicasnavidades.es\/es\/entradas\/#breadcrumb\",\"itemListElement\":[{\"@type\":\"ListItem\",\"position\":1,\"name\":\"Portada\",\"item\":\"https:\/\/parquemagicasnavidades.es\/es\/\"},{\"@type\":\"ListItem\",\"position\":2,\"name\":\"Entradas para grupos\"}]},{\"@type\":\"WebSite\",\"@id\":\"https:\/\/parquemagicasnavidades.es\/#website\",\"url\":\"https:\/\/parquemagicasnavidades.es\/\",\"name\":\"Parque M\u00e1gicas Navidades\",\"description\":\"\",\"potentialAction\":[{\"@type\":\"SearchAction\",\"target\":{\"@type\":\"EntryPoint\",\"urlTemplate\":\"https:\/\/parquemagicasnavidades.es\/?s={search_term_string}\"},\"query-input\":{\"@type\":\"PropertyValueSpecification\",\"valueRequired\":true,\"valueName\":\"search_term_string\"}}],\"inLanguage\":\"es\"}]}<\/script>\n<!-- \/ Yoast SEO plugin. -->","yoast_head_json":{"title":"Entradas para grupos | M\u00e1gicas Navidades","description":"M\u00e1gicas Navidades ofrece entradas para grupos con ventajas exclusivas. Comparte espect\u00e1culos, atracciones y la magia de la Navidad en Madrid.","robots":{"index":"index","follow":"follow","max-snippet":"max-snippet:-1","max-image-preview":"max-image-preview:large","max-video-preview":"max-video-preview:-1"},"canonical":"https:\/\/parquemagicasnavidades.es\/es\/entradas\/","og_locale":"es_ES","og_type":"article","og_title":"Entradas para grupos | M\u00e1gicas Navidades","og_description":"M\u00e1gicas Navidades ofrece entradas para grupos con ventajas exclusivas. Comparte espect\u00e1culos, atracciones y la magia de la Navidad en Madrid.","og_url":"https:\/\/parquemagicasnavidades.es\/es\/entradas\/","og_site_name":"Parque M\u00e1gicas Navidades","article_modified_time":"2025-10-08T07:26:24+00:00","og_image":[{"width":1200,"height":630,"url":"https:\/\/parquemagicasnavidades.es\/wp-content\/uploads\/2025\/10\/Magicas_ImagenSEO.jpg","type":"image\/jpeg"}],"twitter_card":"summary_large_image","twitter_misc":{"Tiempo de lectura":"1 minuto"},"schema":{"@context":"https:\/\/schema.org","@graph":[{"@type":"WebPage","@id":"https:\/\/parquemagicasnavidades.es\/es\/entradas-grupos\/","url":"https:\/\/parquemagicasnavidades.es\/es\/entradas\/","name":"Entradas para grupos | M\u00e1gicas Navidades","isPartOf":{"@id":"https:\/\/parquemagicasnavidades.es\/#website"},"datePublished":"2025-08-20T08:33:47+00:00","dateModified":"2025-10-08T07:26:24+00:00","description":"M\u00e1gicas Navidades ofrece entradas para grupos con ventajas exclusivas. Comparte espect\u00e1culos, atracciones y la magia de la Navidad en Madrid.","breadcrumb":{"@id":"https:\/\/parquemagicasnavidades.es\/es\/entradas\/#breadcrumb"},"inLanguage":"es","potentialAction":[{"@type":"ReadAction","target":["https:\/\/parquemagicasnavidades.es\/es\/entradas\/"]}]},{"@type":"BreadcrumbList","@id":"https:\/\/parquemagicasnavidades.es\/es\/entradas\/#breadcrumb","itemListElement":[{"@type":"ListItem","position":1,"name":"Portada","item":"https:\/\/parquemagicasnavidades.es\/es\/"},{"@type":"ListItem","position":2,"name":"Entradas para grupos"}]},{"@type":"WebSite","@id":"https:\/\/parquemagicasnavidades.es\/#website","url":"https:\/\/parquemagicasnavidades.es\/","name":"Parque M\u00e1gicas Navidades","description":"","potentialAction":[{"@type":"SearchAction","target":{"@type":"EntryPoint","urlTemplate":"https:\/\/parquemagicasnavidades.es\/?s={search_term_string}"},"query-input":{"@type":"PropertyValueSpecification","valueRequired":true,"valueName":"search_term_string"}}],"inLanguage":"es"}]}},"_links":{"self":[{"href":"https:\/\/parquemagicasnavidades.es\/es\/wp-json\/wp\/v2\/pages\/58","targetHints":{"allow":["GET"]}}],"collection":[{"href":"https:\/\/parquemagicasnavidades.es\/es\/wp-json\/wp\/v2\/pages"}],"about":[{"href":"https:\/\/parquemagicasnavidades.es\/es\/wp-json\/wp\/v2\/types\/page"}],"author":[{"embeddable":true,"href":"https:\/\/parquemagicasnavidades.es\/es\/wp-json\/wp\/v2\/users\/1"}],"replies":[{"embeddable":true,"href":"https:\/\/parquemagicasnavidades.es\/es\/wp-json\/wp\/v2\/comments?post=58"}],"version-history":[{"count":12,"href":"https:\/\/parquemagicasnavidades.es\/es\/wp-json\/wp\/v2\/pages\/58\/revisions"}],"predecessor-version":[{"id":1812,"href":"https:\/\/parquemagicasnavidades.es\/es\/wp-json\/wp\/v2\/pages\/58\/revisions\/1812"}],"wp:attachment":[{"href":"https:\/\/parquemagicasnavidades.es\/es\/wp-json\/wp\/v2\/media?parent=58"}],"curies":[{"name":"wp","href":"https:\/\/api.w.org\/{rel}","templated":true}]}}